{"id":7650,"date":"2019-03-28T18:11:03","date_gmt":"2019-03-28T22:41:03","guid":{"rendered":"http:\/\/hoffman-arc.com\/?post_type=product&#038;p=7650"},"modified":"2022-09-23T09:06:30","modified_gmt":"2022-09-23T13:36:30","slug":"electrodo-de-revestimiento-duro-g7-hoffman-arc-copia","status":"publish","type":"product","link":"https:\/\/www.hoffman-arc.com\/en\/product\/consumables\/electrodo-de-revestimiento-duro-g7-hoffman-arc-copia\/","title":{"rendered":"Electrodo de Revestimiento Duro G18 Hoffman Arc"},"content":{"rendered":"<div class=\"page\" title=\"Page 16\">\n<div class=\"layoutArea\">\n<div class=\"column\">\n<p class=\"p1\">El electrodo Hoffman Arc para revestimientos duros sobre piezas nuevas o gastadas de acero, manganeso o hierro dulce. Utilice en piezas o componentes sometidos a alta abrasi\u00f3n. Dep\u00f3sitos con alta dureza desde el primer cord\u00f3n, soporta hasta tres capas de f\u00e1cil aplicaci\u00f3n por tener base austen\u00edtica y un arco suave.<\/p>\n<\/div>\n<\/div>\n<\/div>\n","protected":false},"excerpt":{"rendered":"<p>Electrodos revestidos HoffmanArc Stabil\u00a03\/32<\/p>\n","protected":false},"featured_media":7494,"comment_status":"open","ping_status":"closed","template":"","meta":{"inline_featured_image":false},"product_brand":[],"product_cat":[3033,3127,3133],"product_tag":[2223,2473,2542],"class_list":{"0":"post-7650","1":"product","2":"type-product","3":"status-publish","4":"has-post-thumbnail","6":"product_cat-consumables","7":"product_cat-electrodos","8":"product_cat-special-electrodes","9":"product_tag-7018-332","10":"product_tag-electrodo","11":"product_tag-hoffman","13":"first","14":"instock","15":"shipping-taxable","16":"product-type-simple"},"acf":[],"wps_subtitle":"HART 5\/32 (4.0mm) X 14\u2033","_links":{"self":[{"href":"https:\/\/www.hoffman-arc.com\/en\/wp-json\/wp\/v2\/product\/7650","targetHints":{"allow":["GET"]}}],"collection":[{"href":"https:\/\/www.hoffman-arc.com\/en\/wp-json\/wp\/v2\/product"}],"about":[{"href":"https:\/\/www.hoffman-arc.com\/en\/wp-json\/wp\/v2\/types\/product"}],"replies":[{"embeddable":true,"href":"https:\/\/www.hoffman-arc.com\/en\/wp-json\/wp\/v2\/comments?post=7650"}],"wp:featuredmedia":[{"embeddable":true,"href":"https:\/\/www.hoffman-arc.com\/en\/wp-json\/wp\/v2\/media\/7494"}],"wp:attachment":[{"href":"https:\/\/www.hoffman-arc.com\/en\/wp-json\/wp\/v2\/media?parent=7650"}],"wp:term":[{"taxonomy":"product_brand","embeddable":true,"href":"https:\/\/www.hoffman-arc.com\/en\/wp-json\/wp\/v2\/product_brand?post=7650"},{"taxonomy":"product_cat","embeddable":true,"href":"https:\/\/www.hoffman-arc.com\/en\/wp-json\/wp\/v2\/product_cat?post=7650"},{"taxonomy":"product_tag","embeddable":true,"href":"https:\/\/www.hoffman-arc.com\/en\/wp-json\/wp\/v2\/product_tag?post=7650"}],"curies":[{"name":"wp","href":"https:\/\/api.w.org\/{rel}","templated":true}]}}