{"id":5335,"date":"2018-07-16T16:23:17","date_gmt":"2018-07-16T20:53:17","guid":{"rendered":"http:\/\/hoffman-arc.com\/product\/sin%20categorizar\/import-placeholder-for-401-201\/"},"modified":"2020-12-22T08:54:27","modified_gmt":"2020-12-22T13:24:27","slug":"maquina-lassen-400","status":"publish","type":"product","link":"https:\/\/www.hoffman-arc.com\/en\/product\/machines\/maquina-lassen-400\/","title":{"rendered":"Maquina de soldar"},"content":{"rendered":"<p>La m\u00e1quina de soldar lassen 400 tiene gran reducci\u00f3n en\u00a0la perdida de resistencia magn\u00e9tica, mejorando la eficiencia de la soldadora y efecto de ahorro de energ\u00eda, su frecuencia en conmutaci\u00f3n va mas all\u00e1 del rango de audio, casi eliminado la contaminaci\u00f3n ac\u00fastica.<\/p>\n<p>La frecuencia del inversor es de 20 Khz, lo que reduce el volumen y peso de la maquina soldadora.<\/p>\n","protected":false},"excerpt":{"rendered":"<p>Maquina de soldar lassen 400.<\/p>\n","protected":false},"featured_media":8412,"comment_status":"open","ping_status":"closed","template":"","meta":{"inline_featured_image":false},"product_brand":[],"product_cat":[1026,1034],"product_tag":[2474,2544,2593,2643,2939],"class_list":{"0":"post-5335","1":"product","2":"type-product","3":"status-publish","4":"has-post-thumbnail","6":"product_cat-machines","7":"product_cat-stick-smaw","8":"product_tag-electrodos","9":"product_tag-hoffman-arc","10":"product_tag-lassen-400","11":"product_tag-maquina-de-soldar","12":"product_tag-tig","14":"first","15":"instock","16":"shipping-taxable","17":"product-type-simple"},"acf":[],"wps_subtitle":"Lassen 400","_links":{"self":[{"href":"https:\/\/www.hoffman-arc.com\/en\/wp-json\/wp\/v2\/product\/5335","targetHints":{"allow":["GET"]}}],"collection":[{"href":"https:\/\/www.hoffman-arc.com\/en\/wp-json\/wp\/v2\/product"}],"about":[{"href":"https:\/\/www.hoffman-arc.com\/en\/wp-json\/wp\/v2\/types\/product"}],"replies":[{"embeddable":true,"href":"https:\/\/www.hoffman-arc.com\/en\/wp-json\/wp\/v2\/comments?post=5335"}],"wp:featuredmedia":[{"embeddable":true,"href":"https:\/\/www.hoffman-arc.com\/en\/wp-json\/wp\/v2\/media\/8412"}],"wp:attachment":[{"href":"https:\/\/www.hoffman-arc.com\/en\/wp-json\/wp\/v2\/media?parent=5335"}],"wp:term":[{"taxonomy":"product_brand","embeddable":true,"href":"https:\/\/www.hoffman-arc.com\/en\/wp-json\/wp\/v2\/product_brand?post=5335"},{"taxonomy":"product_cat","embeddable":true,"href":"https:\/\/www.hoffman-arc.com\/en\/wp-json\/wp\/v2\/product_cat?post=5335"},{"taxonomy":"product_tag","embeddable":true,"href":"https:\/\/www.hoffman-arc.com\/en\/wp-json\/wp\/v2\/product_tag?post=5335"}],"curies":[{"name":"wp","href":"https:\/\/api.w.org\/{rel}","templated":true}]}}